{"id":74,"date":"2024-07-25T13:46:38","date_gmt":"2024-07-25T13:46:38","guid":{"rendered":"https:\/\/www.kancelariaconsilium.pl\/?page_id=74"},"modified":"2024-10-09T22:07:50","modified_gmt":"2024-10-09T22:07:50","slug":"strona-glowna","status":"publish","type":"page","link":"https:\/\/www.kancelariaconsilium.pl\/","title":{"rendered":"Strona g\u0142\u00f3wna"},"content":{"rendered":"\n<div class=\"wp-block-cover alignfull is-light\" style=\"min-height:731px;aspect-ratio:unset;\"><span aria-hidden=\"true\" class=\"wp-block-cover__background has-background-dim-0 has-background-dim\"><\/span><img loading=\"lazy\" decoding=\"async\" width=\"2560\" height=\"1440\" class=\"wp-block-cover__image-background wp-image-178\" alt=\"\" src=\"https:\/\/www.kancelariaconsilium.pl\/wp-content\/uploads\/2024\/07\/design6.png\" style=\"object-position:0% 0%\" data-object-fit=\"cover\" data-object-position=\"0% 0%\" srcset=\"https:\/\/www.kancelariaconsilium.pl\/wp-content\/uploads\/2024\/07\/design6.png 2560w, https:\/\/www.kancelariaconsilium.pl\/wp-content\/uploads\/2024\/07\/design6-300x169.png 300w, https:\/\/www.kancelariaconsilium.pl\/wp-content\/uploads\/2024\/07\/design6-1024x576.png 1024w, https:\/\/www.kancelariaconsilium.pl\/wp-content\/uploads\/2024\/07\/design6-768x432.png 768w, https:\/\/www.kancelariaconsilium.pl\/wp-content\/uploads\/2024\/07\/design6-1536x864.png 1536w, https:\/\/www.kancelariaconsilium.pl\/wp-content\/uploads\/2024\/07\/design6-2048x1152.png 2048w\" sizes=\"auto, (max-width: 2560px) 100vw, 2560px\" \/><div class=\"wp-block-cover__inner-container is-layout-flow wp-block-cover-is-layout-flow\">\n<div class=\"wp-block-columns are-vertically-aligned-center is-layout-flex wp-container-core-columns-is-layout-1 wp-block-columns-is-layout-flex\">\n<div class=\"wp-block-column is-vertically-aligned-center is-layout-flow wp-block-column-is-layout-flow\" style=\"padding-right:var(--wp--preset--spacing--20);padding-left:var(--wp--preset--spacing--20);flex-basis:65%\">\n<div style=\"height:6px\" aria-hidden=\"true\" class=\"wp-block-spacer\"><\/div>\n\n\n\n<h1 class=\"wp-block-heading has-text-align-left has-nv-text-dark-bg-color has-text-color\">Kancelaria Consilium<\/h1>\n\n\n\n<p class=\"has-text-align-left has-nv-text-dark-bg-color has-text-color\" style=\"font-size:17px\">Witaj w \u015bwiecie ludzi skupionych na Twoich potrzebach. To w\u0142a\u015bnie tutaj, eksperci r\u00f3\u017cnych bran\u017c, \u0142\u0105cz\u0105 swoj\u0105 wiedz\u0119 do\u015bwiadczenie i umiej\u0119tno\u015bci aby w najlepszy spos\u00f3b zadba\u0107 o interesy<br>ludzi pe\u0142nych pasji, przedsi\u0119biorczo\u015bci i talent\u00f3w &#8211; aby zadba\u0107 o Ciebie! <\/p>\n\n\n\n<div class=\"wp-block-buttons is-horizontal is-content-justification-left is-layout-flex wp-container-core-buttons-is-layout-1 wp-block-buttons-is-layout-flex\">\n<div class=\"wp-block-button is-style-primary\"><a class=\"wp-block-button__link has-text-color has-background has-link-color wp-element-button\" href=\"https:\/\/www.kancelariaconsilium.pl\/index.php\/informacje\/\" style=\"color:#0a2279;background-color:#ffffff\">Poznaj nas!<\/a><\/div>\n\n\n\n<div class=\"wp-block-button is-style-secondary\"><a class=\"wp-block-button__link has-nv-text-dark-bg-color has-text-color has-link-color wp-element-button\" href=\"https:\/\/www.kancelariaconsilium.pl\/portofolio\/\">Hire us<\/a><\/div>\n<\/div>\n\n\n\n<div style=\"height:100px\" aria-hidden=\"true\" class=\"wp-block-spacer\"><\/div>\n<\/div>\n\n\n\n<div class=\"wp-block-column is-vertically-aligned-center is-layout-flow wp-block-column-is-layout-flow\">\n<figure class=\"wp-block-image size-full\"><img decoding=\"async\" src=\"https:\/\/www.kancelariaconsilium.pl\/wp-content\/themes\/neve\/assets\/img\/starter-content\/person-hero-2.png\" alt=\"\"\/><\/figure>\n<\/div>\n<\/div>\n<\/div><\/div>\n\n\n\n<div style=\"height:40px\" aria-hidden=\"true\" class=\"wp-block-spacer\"><\/div>\n\n\n\n<h3 class=\"wp-block-heading has-medium-font-size\"><em><strong>Poznaj pola naszego dzia\u0142ania:<\/strong><\/em><\/h3>\n\n\n\n<div class=\"wp-block-columns is-layout-flex wp-container-core-columns-is-layout-2 wp-block-columns-is-layout-flex\">\n<div class=\"wp-block-column neve-duotone is-layout-flow wp-block-column-is-layout-flow\" style=\"padding-right:var(--wp--preset--spacing--30);padding-left:var(--wp--preset--spacing--30)\"><div class=\"wp-block-image icon-style is-style-default wp-duotone-unset-1\">\n<figure class=\"aligncenter size-full has-custom-border\"><img decoding=\"async\" src=\"https:\/\/www.kancelariaconsilium.pl\/wp-content\/themes\/neve\/assets\/img\/starter-content\/neve-marketing-icon-1.png\" alt=\"\" style=\"border-radius:0px\" title=\"\"\/><\/figure><\/div>\n\n\n<div style=\"height:16px\" aria-hidden=\"true\" class=\"wp-block-spacer\"><\/div>\n\n\n\n<h3 class=\"wp-block-heading has-text-align-center has-neve-text-color-color has-text-color\">Ubezpieczenia<\/h3>\n\n\n\n<p class=\"has-text-align-center\">Zapewniamy pe\u0142n\u0105 obs\u0142ug\u0119 ubezpieczeniow\u0105. Skupiamy w jednym miejscu ofert\u0119 blisko 40 Towarzystw Ubezpieczeniowych, gwarantuj\u0105c najlepsze dost\u0119pne na rynku rozwi\u0105zania.<\/p>\n\n\n\n<div style=\"height:20px\" aria-hidden=\"true\" class=\"wp-block-spacer\"><\/div>\n<\/div>\n\n\n\n<div class=\"wp-block-column is-layout-flow wp-block-column-is-layout-flow\" style=\"padding-right:var(--wp--preset--spacing--30);padding-left:var(--wp--preset--spacing--30)\"><div class=\"wp-block-image icon-style is-style-default\">\n<figure class=\"aligncenter size-full has-custom-border\"><img decoding=\"async\" src=\"https:\/\/www.kancelariaconsilium.pl\/wp-content\/themes\/neve\/assets\/img\/starter-content\/neve-marketing-icon-4.1.png\" alt=\"\" style=\"border-radius:0px\" title=\"\"\/><\/figure><\/div>\n\n\n<div style=\"height:16px\" aria-hidden=\"true\" class=\"wp-block-spacer\"><\/div>\n\n\n\n<h3 class=\"wp-block-heading has-text-align-center has-neve-text-color-color has-text-color\">Nieruchomo\u015bci<\/h3>\n\n\n\n<p class=\"has-text-align-center\">Profesjonalizm dzia\u0142ania i skuteczno\u015b\u0107, to cechy kt\u00f3re piel\u0119gnujemy w ka\u017cdej dziedzinie naszej dzia\u0142alno\u015bci. Sprawd\u017a jak kompleksowo przeprowadzimy sprzeda\u017c Twojej nieruchomo\u015bci!<\/p>\n\n\n\n<div style=\"height:20px\" aria-hidden=\"true\" class=\"wp-block-spacer\"><\/div>\n<\/div>\n\n\n\n<div class=\"wp-block-column is-layout-flow wp-block-column-is-layout-flow\" style=\"padding-right:var(--wp--preset--spacing--30);padding-left:var(--wp--preset--spacing--30)\"><div class=\"wp-block-image icon-style is-style-default wp-duotone-unset-2\">\n<figure class=\"aligncenter size-full has-custom-border\"><img decoding=\"async\" src=\"https:\/\/www.kancelariaconsilium.pl\/wp-content\/themes\/neve\/assets\/img\/starter-content\/neve-marketing-icon-3.1.png\" alt=\"\" style=\"border-radius:0px\" title=\"\"\/><\/figure><\/div>\n\n\n<div style=\"height:16px\" aria-hidden=\"true\" class=\"wp-block-spacer\"><\/div>\n\n\n\n<h3 class=\"wp-block-heading has-text-align-center has-neve-text-color-color has-text-color\">Po\u015brednictwo Biznesowe<\/h3>\n\n\n\n<p class=\"has-text-align-center\">&#8222;<em>Pieni\u0105dze lubi\u0105 ciesz\u0119&#8221;<\/em> m\u00f3wi stare powiedzenie. Je\u015bli chcesz sprzeda\u0107 sw\u00f3j biznes, skontaktuj si\u0119 z nami, a my profesjonalnie zaopiekujemy si\u0119 sprawnym przeprowadzeniem tego procesu<\/p>\n\n\n\n<div style=\"height:20px\" aria-hidden=\"true\" class=\"wp-block-spacer\"><\/div>\n<\/div>\n\n\n\n<div class=\"wp-block-column is-layout-flow wp-block-column-is-layout-flow\" style=\"padding-right:var(--wp--preset--spacing--30);padding-left:var(--wp--preset--spacing--30)\"><div class=\"wp-block-image icon-style is-style-default wp-duotone-unset-3\">\n<figure class=\"aligncenter size-full has-custom-border\"><img decoding=\"async\" src=\"https:\/\/www.kancelariaconsilium.pl\/wp-content\/themes\/neve\/assets\/img\/starter-content\/neve-marketing-icon-2.png\" alt=\"\" style=\"border-radius:0px\" title=\"\"\/><\/figure><\/div>\n\n\n<div style=\"height:16px\" aria-hidden=\"true\" class=\"wp-block-spacer\"><\/div>\n\n\n\n<h3 class=\"wp-block-heading has-text-align-center has-neve-text-color-color has-text-color\">Finanse<\/h3>\n\n\n\n<p class=\"has-text-align-center\">Poszukujesz finansowania swojego pomys\u0142u, potrzeby zakupu nieruchomo\u015bci, a mo\u017ce chodzi Ci po g\u0142owie leasing ?<br>Potrzebujesz sprawnie przygotowanej oferty? \u015awietnie trafi\u0142e\u015b!<\/p>\n\n\n\n<div style=\"height:20px\" aria-hidden=\"true\" class=\"wp-block-spacer\"><\/div>\n<\/div>\n<\/div>\n\n\n\n<div class=\"wp-block-cover alignfull\" style=\"min-height:600px;aspect-ratio:unset;\"><span aria-hidden=\"true\" class=\"wp-block-cover__background has-nv-light-bg-background-color has-background-dim-80 has-background-dim\"><\/span><div class=\"wp-block-cover__inner-container is-layout-flow wp-block-cover-is-layout-flow\">\n<div class=\"wp-block-group\"><div class=\"wp-block-group__inner-container is-layout-flow wp-block-group-is-layout-flow\">\n<div style=\"height:7px\" aria-hidden=\"true\" class=\"wp-block-spacer\"><\/div>\n\n\n\n<div class=\"wp-block-columns is-layout-flex wp-container-core-columns-is-layout-3 wp-block-columns-is-layout-flex\">\n<div class=\"wp-block-column is-layout-flow wp-block-column-is-layout-flow\" style=\"padding-right:0;padding-left:0;flex-basis:20%\">\n<div class=\"wp-block-group is-vertical is-content-justification-center is-layout-flex wp-container-core-group-is-layout-1 wp-block-group-is-layout-flex\"><\/div>\n<\/div>\n\n\n\n<div class=\"wp-block-column is-layout-flow wp-block-column-is-layout-flow\" style=\"flex-basis:60%\">\n<div class=\"wp-block-group is-vertical is-content-justification-center is-layout-flex wp-container-core-group-is-layout-2 wp-block-group-is-layout-flex\">\n<h2 class=\"wp-block-heading has-text-align-center has-neve-text-color-color has-text-color has-link-color wp-elements-90805b1bd44e4e273ecc71bf323cb067\">Tylko w Consilium!<\/h2>\n\n\n\n<div style=\"height:0px\" aria-hidden=\"true\" class=\"wp-block-spacer wp-container-content-1\"><\/div>\n<\/div>\n<\/div>\n\n\n\n<div class=\"wp-block-column is-layout-flow wp-block-column-is-layout-flow\" style=\"flex-basis:20%\">\n<div class=\"wp-block-group is-vertical is-content-justification-center is-layout-flex wp-container-core-group-is-layout-3 wp-block-group-is-layout-flex\"><\/div>\n<\/div>\n<\/div>\n\n\n\n<div class=\"wp-block-columns are-vertically-aligned-center has-neve-link-hover-color-color has-text-color has-link-color wp-elements-7fc9a532cd3b3b1fd7a18e9569f3d566 is-layout-flex wp-container-core-columns-is-layout-4 wp-block-columns-is-layout-flex\">\n<div class=\"wp-block-column is-vertically-aligned-center is-layout-flow wp-block-column-is-layout-flow\" style=\"padding-right:var(--wp--preset--spacing--30);padding-left:var(--wp--preset--spacing--30);flex-basis:50%\">\n<figure class=\"wp-block-image size-full has-custom-border\"><img loading=\"lazy\" decoding=\"async\" width=\"1080\" height=\"1080\" src=\"https:\/\/www.kancelariaconsilium.pl\/wp-content\/uploads\/2024\/07\/audyt_strona.png\" alt=\"\" class=\"wp-image-197\" style=\"border-radius:16px\" srcset=\"https:\/\/www.kancelariaconsilium.pl\/wp-content\/uploads\/2024\/07\/audyt_strona.png 1080w, https:\/\/www.kancelariaconsilium.pl\/wp-content\/uploads\/2024\/07\/audyt_strona-300x300.png 300w, https:\/\/www.kancelariaconsilium.pl\/wp-content\/uploads\/2024\/07\/audyt_strona-1024x1024.png 1024w, https:\/\/www.kancelariaconsilium.pl\/wp-content\/uploads\/2024\/07\/audyt_strona-150x150.png 150w, https:\/\/www.kancelariaconsilium.pl\/wp-content\/uploads\/2024\/07\/audyt_strona-768x768.png 768w\" sizes=\"auto, (max-width: 1080px) 100vw, 1080px\" \/><\/figure>\n\n\n\n<div style=\"height:5px\" aria-hidden=\"true\" class=\"wp-block-spacer\"><\/div>\n\n\n\n<p>Sprawdzimy Twoje aktualne rozwi\u0105zania ubezpieczeniowe, aby\u015b mia\u0142 pewno\u015b\u0107, \u017ce s\u0105 one adekwatne do oczekiwa\u0144 jakie przed nimi stawiasz!<\/p>\n\n\n\n<div class=\"wp-block-buttons is-layout-flex wp-block-buttons-is-layout-flex\">\n<div class=\"wp-block-button is-style-primary\"><a class=\"wp-block-button__link wp-element-button\">Sprawd\u017a to!<\/a><\/div>\n<\/div>\n<\/div>\n\n\n\n<div class=\"wp-block-column is-vertically-aligned-center is-layout-flow wp-block-column-is-layout-flow\" style=\"padding-right:var(--wp--preset--spacing--30);padding-left:var(--wp--preset--spacing--30);flex-basis:50%\">\n<figure class=\"wp-block-image size-full has-custom-border\"><img loading=\"lazy\" decoding=\"async\" width=\"1080\" height=\"1080\" src=\"https:\/\/www.kancelariaconsilium.pl\/wp-content\/uploads\/2024\/07\/kalendarz_strona.png\" alt=\"\" class=\"wp-image-200\" style=\"border-radius:16px\" srcset=\"https:\/\/www.kancelariaconsilium.pl\/wp-content\/uploads\/2024\/07\/kalendarz_strona.png 1080w, https:\/\/www.kancelariaconsilium.pl\/wp-content\/uploads\/2024\/07\/kalendarz_strona-300x300.png 300w, https:\/\/www.kancelariaconsilium.pl\/wp-content\/uploads\/2024\/07\/kalendarz_strona-1024x1024.png 1024w, https:\/\/www.kancelariaconsilium.pl\/wp-content\/uploads\/2024\/07\/kalendarz_strona-150x150.png 150w, https:\/\/www.kancelariaconsilium.pl\/wp-content\/uploads\/2024\/07\/kalendarz_strona-768x768.png 768w\" sizes=\"auto, (max-width: 1080px) 100vw, 1080px\" \/><\/figure>\n\n\n\n<div style=\"height:9px\" aria-hidden=\"true\" class=\"wp-block-spacer\"><\/div>\n\n\n\n<p class=\"has-neve-link-hover-color-color has-text-color has-link-color wp-elements-76bdfcc4a0d9acf9d1930b37fdda7b4b\">Czas szubko mija, a Ty zamiast z niego korzysta\u0107, ci\u0105gle my\u015blisz czy nie zapomnia\u0142e\u015b wykupi\u0107 now\u0105 polis\u0119? Boisz si\u0119 kar z UFG? Zajmij si\u0119 tym co kochasz, a terminy pozostaw nam!<\/p>\n\n\n\n<div class=\"wp-block-buttons is-layout-flex wp-block-buttons-is-layout-flex\">\n<div class=\"wp-block-button is-style-primary\"><a class=\"wp-block-button__link wp-element-button\">Sprawd\u017a to!<\/a><\/div>\n<\/div>\n<\/div>\n<\/div>\n<\/div><\/div>\n<\/div><\/div>\n\n\n\n<div class=\"wp-block-cover alignfull has-nv-text-dark-bg-color has-text-color has-link-color wp-elements-4c4cd6b7ebad1803c9a2c04434464975\" style=\"min-height:420px;aspect-ratio:unset;\"><span aria-hidden=\"true\" class=\"wp-block-cover__background has-nv-dark-bg-background-color has-background-dim-100 has-background-dim\"><\/span><div class=\"wp-block-cover__inner-container is-layout-flow wp-block-cover-is-layout-flow\">\n<div style=\"height:80px\" aria-hidden=\"true\" class=\"wp-block-spacer\"><\/div>\n\n\n\n<div class=\"wp-block-columns is-layout-flex wp-container-core-columns-is-layout-5 wp-block-columns-is-layout-flex\">\n<div class=\"wp-block-column ticss-4ce656f1 is-layout-flow wp-block-column-is-layout-flow\"><div class=\"wp-block-image is-style-rounded\">\n<figure class=\"aligncenter size-full is-resized\"><img decoding=\"async\" src=\"https:\/\/www.kancelariaconsilium.pl\/wp-content\/themes\/neve\/assets\/img\/starter-content\/neve-marketing-agency-04.jpg\" alt=\"\" style=\"width:80px;height:80px\"\/><\/figure><\/div>\n\n\n<div style=\"height:24px\" aria-hidden=\"true\" class=\"wp-block-spacer\"><\/div>\n\n\n\n<p class=\"has-text-align-center has-nv-text-dark-bg-color has-text-color has-link-color wp-elements-648bcc8f8c6bd1ded8f1b4e680217d45\">\u201cWe saw a significant increase in website traffic and sales within just a few months. I recommend the marketing agency.\u201c<\/p>\n\n\n\n<p class=\"has-text-align-center has-nv-text-dark-bg-color has-text-color has-small-font-size\" style=\"text-transform:uppercase\"><strong>Janet Morris<\/strong><\/p>\n\n\n\n<div style=\"height:20px\" aria-hidden=\"true\" class=\"wp-block-spacer\"><\/div>\n<\/div>\n\n\n\n<div class=\"wp-block-column ticss-f6fc7494 is-layout-flow wp-block-column-is-layout-flow\"><div class=\"wp-block-image is-style-rounded\">\n<figure class=\"aligncenter size-full is-resized\"><img decoding=\"async\" src=\"https:\/\/www.kancelariaconsilium.pl\/wp-content\/themes\/neve\/assets\/img\/starter-content\/neve-marketing-agency-03.jpg\" alt=\"\" style=\"width:80px;height:80px\"\/><\/figure><\/div>\n\n\n<div style=\"height:24px\" aria-hidden=\"true\" class=\"wp-block-spacer\"><\/div>\n\n\n\n<p class=\"has-text-align-center has-nv-text-dark-bg-color has-text-color\">\u201cThe agency completely transformed our strategy. They&#8217;re a true marketing partner, and we&#8217;re thrilled with the results.\u201d<\/p>\n\n\n\n<p class=\"has-text-align-center has-nv-text-dark-bg-color has-text-color has-small-font-size\" style=\"text-transform:uppercase\"><strong>Willie Brown<\/strong><\/p>\n\n\n\n<div style=\"height:20px\" aria-hidden=\"true\" class=\"wp-block-spacer\"><\/div>\n<\/div>\n\n\n\n<div class=\"wp-block-column ticss-a5b4df29 is-layout-flow wp-block-column-is-layout-flow\"><div class=\"wp-block-image is-style-rounded\">\n<figure class=\"aligncenter size-full is-resized\"><img decoding=\"async\" src=\"https:\/\/www.kancelariaconsilium.pl\/wp-content\/themes\/neve\/assets\/img\/starter-content\/neve-marketing-agency-02.jpg\" alt=\"\" style=\"width:80px;height:80px\"\/><\/figure><\/div>\n\n\n<div style=\"height:24px\" aria-hidden=\"true\" class=\"wp-block-spacer\"><\/div>\n\n\n\n<p class=\"has-text-align-center has-nv-text-dark-bg-color has-text-color\">\u201cTheir expertise and their data-driven approach allowed us to optimize our campaigns for maximum impact.\u201d<\/p>\n\n\n\n<p class=\"has-text-align-center has-nv-text-dark-bg-color has-text-color has-small-font-size\" style=\"text-transform:uppercase\"><strong>MARIA STEVENS<\/strong><\/p>\n\n\n\n<div style=\"height:20px\" aria-hidden=\"true\" class=\"wp-block-spacer\"><\/div>\n<\/div>\n<\/div>\n\n\n\n<div style=\"height:0px\" aria-hidden=\"true\" class=\"wp-block-spacer\"><\/div>\n<\/div><\/div>\n\n\n\n<div class=\"wp-block-cover alignfull\" style=\"min-height:600px;aspect-ratio:unset;\"><span aria-hidden=\"true\" class=\"wp-block-cover__background has-nv-site-bg-background-color has-background-dim-100 has-background-dim\"><\/span><div class=\"wp-block-cover__inner-container is-layout-flow wp-block-cover-is-layout-flow\">\n<div class=\"wp-block-group\"><div class=\"wp-block-group__inner-container is-layout-flow wp-block-group-is-layout-flow\">\n<div style=\"height:80px\" aria-hidden=\"true\" class=\"wp-block-spacer\"><\/div>\n\n\n\n<div class=\"wp-block-columns are-vertically-aligned-center is-layout-flex wp-container-core-columns-is-layout-6 wp-block-columns-is-layout-flex\">\n<div class=\"wp-block-column is-vertically-aligned-center is-layout-flow wp-block-column-is-layout-flow\" style=\"padding-right:var(--wp--preset--spacing--30);padding-left:var(--wp--preset--spacing--30);flex-basis:50%\">\n<figure class=\"wp-block-image size-full has-custom-border is-style-default\"><img decoding=\"async\" src=\"https:\/\/www.kancelariaconsilium.pl\/wp-content\/themes\/neve\/assets\/img\/starter-content\/neve-marketing-agency-12.jpg\" alt=\"\" style=\"border-radius:16px\"\/><\/figure>\n<\/div>\n\n\n\n<div class=\"wp-block-column is-vertically-aligned-center is-layout-flow wp-block-column-is-layout-flow\" style=\"padding-right:var(--wp--preset--spacing--30);padding-left:var(--wp--preset--spacing--30);flex-basis:50%\">\n<div style=\"height:20px\" aria-hidden=\"true\" class=\"wp-block-spacer\"><\/div>\n\n\n\n<h2 class=\"wp-block-heading has-text-align-left has-neve-text-color-color has-text-color\">Food Magazine Ad<\/h2>\n\n\n\n<p class=\"has-text-align-left has-neve-text-color-color has-text-color\" style=\"font-size:17px\">Lorem ipsum dolor sit amet, consectetur adipiscing elit. Ut elit tellus, luctus nec ullamcorper mattis, pulvinar dapibus. Fit authentic try-hard farm-to-table hammock hexagon aesthetic.<\/p>\n\n\n\n<div class=\"wp-block-buttons has-custom-font-size has-small-font-size is-content-justification-left is-layout-flex wp-container-core-buttons-is-layout-4 wp-block-buttons-is-layout-flex\">\n<div class=\"wp-block-button has-custom-font-size is-style-default\" style=\"font-size:16px\"><a class=\"wp-block-button__link has-nv-text-dark-bg-color has-neve-link-color-background-color has-text-color has-background has-link-color wp-element-button\" href=\"#\">Learn more<\/a><\/div>\n<\/div>\n<\/div>\n<\/div>\n\n\n\n<div class=\"wp-block-columns are-vertically-aligned-center is-layout-flex wp-container-core-columns-is-layout-7 wp-block-columns-is-layout-flex\">\n<div class=\"wp-block-column is-vertically-aligned-center is-layout-flow wp-block-column-is-layout-flow\" style=\"padding-right:var(--wp--preset--spacing--30);padding-left:var(--wp--preset--spacing--30);flex-basis:50%\">\n<div style=\"height:20px\" aria-hidden=\"true\" class=\"wp-block-spacer\"><\/div>\n\n\n\n<h2 class=\"wp-block-heading has-text-align-left has-neve-text-color-color has-text-color\">Influencer Marketing<\/h2>\n\n\n\n<p class=\"has-text-align-left has-neve-text-color-color has-text-color\" style=\"font-size:17px\">Lorem ipsum dolor sit amet, consectetur adipiscing elit. Ut elit tellus, luctus nec ullamcorper mattis, pulvinar dapibus. Fit authentic try-hard farm-to-table hammock hexagon aesthetic.<\/p>\n\n\n\n<div class=\"wp-block-buttons has-custom-font-size has-small-font-size is-content-justification-left is-layout-flex wp-container-core-buttons-is-layout-5 wp-block-buttons-is-layout-flex\">\n<div class=\"wp-block-button has-custom-font-size is-style-default\" style=\"font-size:16px\"><a class=\"wp-block-button__link has-nv-text-dark-bg-color has-neve-link-color-background-color has-text-color has-background has-link-color wp-element-button\" href=\"#\">Learn more<\/a><\/div>\n<\/div>\n<\/div>\n\n\n\n<div class=\"wp-block-column is-vertically-aligned-center is-layout-flow wp-block-column-is-layout-flow\" style=\"padding-right:var(--wp--preset--spacing--30);padding-left:var(--wp--preset--spacing--30);flex-basis:50%\">\n<figure class=\"wp-block-image size-full has-custom-border is-style-default\"><img decoding=\"async\" src=\"https:\/\/www.kancelariaconsilium.pl\/wp-content\/themes\/neve\/assets\/img\/starter-content\/neve-marketing-agency-17.jpg\" alt=\"\" style=\"border-radius:16px\"\/><\/figure>\n<\/div>\n<\/div>\n\n\n\n<div style=\"height:40px\" aria-hidden=\"true\" class=\"wp-block-spacer\"><\/div>\n<\/div><\/div>\n<\/div><\/div>\n\n\n\n<div class=\"wp-block-cover alignfull\" style=\"min-height:300px;aspect-ratio:unset;\"><span aria-hidden=\"true\" class=\"wp-block-cover__background has-neve-link-color-background-color has-background-dim-100 has-background-dim\"><\/span><div class=\"wp-block-cover__inner-container is-layout-flow wp-block-cover-is-layout-flow\">\n<div style=\"height:140px\" aria-hidden=\"true\" class=\"wp-block-spacer\"><\/div>\n\n\n\n<div class=\"wp-block-columns is-layout-flex wp-container-core-columns-is-layout-8 wp-block-columns-is-layout-flex\">\n<div class=\"wp-block-column is-layout-flow wp-block-column-is-layout-flow\" style=\"flex-basis:20%\"><\/div>\n\n\n\n<div class=\"wp-block-column is-layout-flow wp-block-column-is-layout-flow\" style=\"flex-basis:60%\">\n<div class=\"wp-block-group\"><div class=\"wp-block-group__inner-container is-layout-constrained wp-block-group-is-layout-constrained\">\n<h2 class=\"wp-block-heading has-text-align-center has-nv-text-dark-bg-color has-text-color\">Nie znalaz\u0142e\u015b tego czego szuka\u0142e\u015b ?<\/h2>\n\n\n\n<p class=\"has-text-align-center has-nv-text-dark-bg-color has-text-color has-link-color wp-elements-cee3537c25ee60d75100b3f60c345398\">Napisz do nas wiadomo\u015b\u0107, a my postaramy si\u0119 uzupe\u0142ni\u0107 nasz\u0105 ofert\u0119!<\/p>\n\n\n\n<div class=\"wp-block-buttons is-horizontal is-content-justification-center is-layout-flex wp-container-core-buttons-is-layout-6 wp-block-buttons-is-layout-flex\">\n<div class=\"wp-block-button is-style-primary\"><a class=\"wp-block-button__link has-neve-link-color-color has-text-color has-background has-link-color wp-element-button\" href=\"https:\/\/www.kancelariaconsilium.pl\/contact\/\" style=\"background-color:#ffffff\">Napisz do Nas!<\/a><\/div>\n<\/div>\n<\/div><\/div>\n<\/div>\n\n\n\n<div class=\"wp-block-column is-layout-flow wp-block-column-is-layout-flow\" style=\"flex-basis:20%\"><\/div>\n<\/div>\n\n\n\n<div style=\"height:140px\" aria-hidden=\"true\" class=\"wp-block-spacer\"><\/div>\n<\/div><\/div>\n","protected":false},"excerpt":{"rendered":"<p>Poznaj pola naszego dzia\u0142ania: Ubezpieczenia Zapewniamy pe\u0142n\u0105 obs\u0142ug\u0119 ubezpieczeniow\u0105. Skupiamy w jednym miejscu ofert\u0119 blisko 40 Towarzystw Ubezpieczeniowych, gwarantuj\u0105c najlepsze dost\u0119pne na rynku rozwi\u0105zania. Nieruchomo\u015bci Profesjonalizm dzia\u0142ania i skuteczno\u015b\u0107, to cechy kt\u00f3re piel\u0119gnujemy w ka\u017cdej dziedzinie naszej dzia\u0142alno\u015bci. Sprawd\u017a jak kompleksowo przeprowadzimy sprzeda\u017c Twojej nieruchomo\u015bci! Po\u015brednictwo Biznesowe &#8222;Pieni\u0105dze lubi\u0105 ciesz\u0119&#8221; m\u00f3wi stare powiedzenie. Je\u015bli chcesz&hellip;&nbsp;<a href=\"https:\/\/www.kancelariaconsilium.pl\/\" rel=\"bookmark\">Dowiedz si\u0119 wi\u0119cej &raquo;<span class=\"screen-reader-text\">Strona g\u0142\u00f3wna<\/span><\/a><\/p>\n","protected":false},"author":1,"featured_media":0,"parent":0,"menu_order":0,"comment_status":"closed","ping_status":"closed","template":"","meta":{"neve_meta_sidebar":"","neve_meta_container":"","neve_meta_enable_content_width":"on","neve_meta_content_width":100,"neve_meta_title_alignment":"","neve_meta_author_avatar":"","neve_post_elements_order":"","neve_meta_disable_header":"","neve_meta_disable_footer":"","neve_meta_disable_title":"on","footnotes":""},"class_list":["post-74","page","type-page","status-publish","hentry"],"_links":{"self":[{"href":"https:\/\/www.kancelariaconsilium.pl\/index.php\/wp-json\/wp\/v2\/pages\/74","targetHints":{"allow":["GET"]}}],"collection":[{"href":"https:\/\/www.kancelariaconsilium.pl\/index.php\/wp-json\/wp\/v2\/pages"}],"about":[{"href":"https:\/\/www.kancelariaconsilium.pl\/index.php\/wp-json\/wp\/v2\/types\/page"}],"author":[{"embeddable":true,"href":"https:\/\/www.kancelariaconsilium.pl\/index.php\/wp-json\/wp\/v2\/users\/1"}],"replies":[{"embeddable":true,"href":"https:\/\/www.kancelariaconsilium.pl\/index.php\/wp-json\/wp\/v2\/comments?post=74"}],"version-history":[{"count":14,"href":"https:\/\/www.kancelariaconsilium.pl\/index.php\/wp-json\/wp\/v2\/pages\/74\/revisions"}],"predecessor-version":[{"id":241,"href":"https:\/\/www.kancelariaconsilium.pl\/index.php\/wp-json\/wp\/v2\/pages\/74\/revisions\/241"}],"wp:attachment":[{"href":"https:\/\/www.kancelariaconsilium.pl\/index.php\/wp-json\/wp\/v2\/media?parent=74"}],"curies":[{"name":"wp","href":"https:\/\/api.w.org\/{rel}","templated":true}]}}